{"id":241,"date":"2018-10-20T21:43:32","date_gmt":"2018-10-20T21:43:32","guid":{"rendered":"http:\/\/www.albayrakyatirim.com\/?page_id=241"},"modified":"2018-10-20T21:52:18","modified_gmt":"2018-10-20T21:52:18","slug":"hakkimizda","status":"publish","type":"page","link":"http:\/\/www.albayrakyatirim.com\/?page_id=241","title":{"rendered":"Hakk\u0131m\u0131zda"},"content":{"rendered":"<div id=\"pl-241\"  class=\"panel-layout\" ><div id=\"pg-241-0\"  class=\"panel-grid panel-has-style\" ><div class=\"siteorigin-panels-stretch panel-row-style-full-width panel-row-style panel-row-style-for-241-0\" data-stretch-type=\"full-stretched\" ><div id=\"pgc-241-0-0\"  class=\"panel-grid-cell\" ><div id=\"panel-241-0-0-0\" class=\"so-panel widget widget_sow-hero panel-first-child panel-last-child widgetopts-SO\" data-index=\"0\" ><div\n\t\t\t\n\t\t\tclass=\"so-widget-sow-hero so-widget-sow-hero-default-108437e06fb5-241\"\n\t\t\t\n\t\t><div class=\"sow-slider-base\" style=\"display: none\"><ul\n\t\t\t\t\tclass=\"sow-slider-images\"\n\t\t\t\t\tdata-settings=\"{&quot;pagination&quot;:true,&quot;speed&quot;:800,&quot;timeout&quot;:8000,&quot;paused&quot;:false,&quot;pause_on_hover&quot;:false,&quot;swipe&quot;:false,&quot;nav_always_show_desktop&quot;:&quot;&quot;,&quot;nav_always_show_mobile&quot;:&quot;&quot;,&quot;breakpoint&quot;:&quot;780px&quot;,&quot;unmute&quot;:false,&quot;anchor&quot;:null}\"\n\t\t\t\t\t\t\t\t\t\tdata-anchor-id=\"\"\n\t\t\t\t>\t\t<li class=\"sow-slider-image  sow-slider-image-cover\" style=\"background-color: #333333;background-image: url(https:\/\/layouts.siteorigin.com\/wp-content\/uploads\/2015\/11\/write-593333_1920.jpg#1920x1135)\" >\n\t\t\t\t\t<div class=\"sow-slider-image-container\">\n\t\t\t<div class=\"sow-slider-image-wrapper\">\n\t\t\t\t<h1 style=\"text-align: center\">Hakk\u0131m\u0131zda<\/h1>\n\t\t\t<\/div>\n\t\t<\/div>\n\t\t\t\t<\/li>\n\t\t<\/ul>\t\t\t\t<ol class=\"sow-slider-pagination\">\n\t\t\t\t\t\t\t\t\t\t\t<li><a href=\"#\" data-goto=\"0\" aria-label=\"display slide 1\"><\/a><\/li>\n\t\t\t\t\t\t\t\t\t<\/ol>\n\n\t\t\t\t<div class=\"sow-slide-nav sow-slide-nav-next\">\n\t\t\t\t\t<a href=\"#\" data-goto=\"next\" aria-label=\"next slide\" data-action=\"next\">\n\t\t\t\t\t\t<em class=\"sow-sld-icon-thin-right\"><\/em>\n\t\t\t\t\t<\/a>\n\t\t\t\t<\/div>\n\n\t\t\t\t<div class=\"sow-slide-nav sow-slide-nav-prev\">\n\t\t\t\t\t<a href=\"#\" data-goto=\"previous\" aria-label=\"previous slide\" data-action=\"prev\">\n\t\t\t\t\t\t<em class=\"sow-sld-icon-thin-left\"><\/em>\n\t\t\t\t\t<\/a>\n\t\t\t\t<\/div>\n\t\t\t\t<\/div><\/div><\/div><\/div><\/div><\/div><div id=\"pg-241-1\"  class=\"panel-grid panel-has-style\" ><div class=\"siteorigin-panels-stretch panel-row-style-full-width panel-row-style panel-row-style-for-241-1\" style=\"background-color: #e0e0e0; \" data-stretch-type=\"full\" ><div id=\"pgc-241-1-0\"  class=\"panel-grid-cell\" ><div id=\"panel-241-1-0-0\" class=\"so-panel widget widget_sow-headline panel-first-child widgetopts-SO\" data-index=\"1\" ><div\n\t\t\t\n\t\t\tclass=\"so-widget-sow-headline so-widget-sow-headline-default-4eee745bf24d-241\"\n\t\t\t\n\t\t><div class=\"sow-headline-container \">\n\t<h1 class='sow-headline'>Biz Kimiz?<\/h1><h3 class='sow-sub-headline'>Yap\u0131lanma da g\u00fc\u00e7l\u00fc bir ekip<\/h3><\/div><\/div><\/div><div id=\"panel-241-1-0-1\" class=\"so-panel widget widget_sow-editor panel-last-child widgetopts-SO\" data-index=\"2\" ><div\n\t\t\t\n\t\t\tclass=\"so-widget-sow-editor so-widget-sow-editor-base\"\n\t\t\t\n\t\t>\n<div class=\"siteorigin-widget-tinymce textwidget\">\n\t<p>Albayraklar \u0130n\u015faat 1981 y\u0131l\u0131nda faaliyetlerine ba\u015flam\u0131\u015ft\u0131r. As\u0131l hedefi olan in\u015faat imalatlar\u0131n\u0131n yan\u0131 s\u0131ra taahh\u00fct ve turizm konular\u0131nda da faaliyet g\u00f6stermi\u015ftir. 1997 y\u0131l\u0131nda yeni bir yap\u0131la\u015fmaya giden \u015firket bu tarihten itibaren \u00f6nemli projelere uygulamac\u0131 olarak imza atm\u0131\u015ft\u0131r.<\/p>\n<p>Hedefi yurti\u00e7i, yurtd\u0131\u015f\u0131 teknolojik ve prestijli projeler olan firmam\u0131z\u0131n ana prensibi, yeti\u015fmi\u015f kalifiye personel ile \u00e7al\u0131\u015farak tasar\u0131m, \u00fcretim ve y\u00f6netimde kaliteyi \u00f6n plana \u00e7\u0131karmak, ba\u015far\u0131l\u0131 projelerin alt\u0131na imza atmakt\u0131r.<\/p>\n<p>Firmam\u0131z yurti\u00e7inde ve yurtd\u0131\u015f\u0131nda geni\u015f bir yelpazede ger\u00e7ekle\u015ftirdi\u011fi faaliyetlerini m\u00fchendislik alan\u0131nda ki geni\u015f kapsaml\u0131 bilgi birikiminin temeline dayand\u0131rmakta, \u00e7al\u0131\u015fmalar\u0131n\u0131 y\u0131llar\u0131n tecr\u00fcbesi ve deneyimli kadrosunun katk\u0131lar\u0131yla y\u00fcr\u00fctmektedir.<\/p>\n<\/div>\n<\/div><\/div><\/div><div id=\"pgc-241-1-1\"  class=\"panel-grid-cell\" ><div id=\"panel-241-1-1-0\" class=\"so-panel widget widget_sow-headline panel-first-child widgetopts-SO\" data-index=\"3\" ><div\n\t\t\t\n\t\t\tclass=\"so-widget-sow-headline so-widget-sow-headline-default-4eee745bf24d-241\"\n\t\t\t\n\t\t><div class=\"sow-headline-container \">\n\t<h1 class='sow-headline'>Neler Yapar\u0131z?<\/h1><h3 class='sow-sub-headline'>G\u00fc\u00e7l\u00fc ve Kaliteli Hizmet<\/h3><\/div><\/div><\/div><div id=\"panel-241-1-1-1\" class=\"so-panel widget widget_sow-editor panel-last-child widgetopts-SO\" data-index=\"4\" ><div\n\t\t\t\n\t\t\tclass=\"so-widget-sow-editor so-widget-sow-editor-base\"\n\t\t\t\n\t\t>\n<div class=\"siteorigin-widget-tinymce textwidget\">\n\t<p>Uzun vadede firmam\u0131z\u0131n gelece\u011fini teminat alt\u0131na alabilmemiz i\u00e7in \u201cAlbayraklar \u0130n\u015faat\u2019\u0131n\u201d amac\u0131 y\u00fcklendi\u011fi i\u015fleri, i\u015fvereninin kriterlerine, \u015fartnamelere, standartlara uygun olarak yapmakt\u0131r. Y\u00fcksek verimlilikle, zaman\u0131 ve i\u015fin maliyetini d\u00fc\u015f\u00fcnerek tamamlamakt\u0131r.<\/p>\n<p>Teknolojik yap\u0131la\u015fmaya do\u011fru ilerleyen in\u015faat sekt\u00f6r\u00fcnde, hizmet ve kalite standard\u0131 \u00e7izgisini daha y\u00fckse\u011fe ta\u015f\u0131mak amac\u0131yla 1997 y\u0131l\u0131nda aile \u015firketi kimli\u011finden s\u0131yr\u0131larak kurumsalla\u015fm\u0131\u015ft\u0131r. Firmam\u0131z bu tarihten itibaren y\u00f6neticilerinin eski tecr\u00fcbe ve bilgilerinden yararlanarak yurti\u00e7inde ve yurtd\u0131\u015f\u0131nda b\u00fcy\u00fckl\u00fckte \u00f6nemli \u00f6l\u00e7\u00fctlerde olan projelere uygulamac\u0131 olarak imza atm\u0131\u015f, halen de \u00e7al\u0131\u015fmaktad\u0131r.<\/p>\n<p>D\u00fcnya in\u015faat sekt\u00f6r\u00fcnde ki teknolojik kal\u0131p sistemlerinde yo\u011funlukla kullan\u0131lan \u201cAlman Patentli; PER\u0130 &amp; DOKA\u201d ve \u201c\u0130NTEK\u201d a\u011f\u0131rl\u0131kl\u0131 kal\u0131p sistemlerinin te\u015fkil ve uygulamalar\u0131nda al\u0131nan ba\u015far\u0131l\u0131 neticeler, b\u00fcy\u00fck \u00f6l\u00e7ekli in\u015faat firmalar\u0131n\u0131n prestij projelerinde firmam\u0131z\u0131 partner olarak tercih etme nedeni olmu\u015ftur.<\/p>\n<\/div>\n<\/div><\/div><\/div><\/div><\/div><\/div>","protected":false},"excerpt":{"rendered":"<p>Albayraklar \u0130n\u015faat 1981 y\u0131l\u0131nda faaliyetlerine ba\u015flam\u0131\u015ft\u0131r. As\u0131l hedefi olan in\u015faat imalatlar\u0131n\u0131n yan\u0131 s\u0131ra taahh\u00fct ve turizm konular\u0131nda da faaliyet g\u00f6stermi\u015ftir. 1997 y\u0131l\u0131nda yeni bir yap\u0131la\u015fmaya giden \u015firket bu tarihten itibaren \u00f6nemli projelere uygulamac\u0131 olarak imza atm\u0131\u015ft\u0131r. Hedefi yurti\u00e7i, yurtd\u0131\u015f\u0131 teknolojik ve prestijli projeler olan firmam\u0131z\u0131n ana prensibi, yeti\u015fmi\u015f kalifiye personel ile \u00e7al\u0131\u015farak tasar\u0131m, \u00fcretim ve [&hellip;]<\/p>\n","protected":false},"author":1,"featured_media":0,"parent":0,"menu_order":0,"comment_status":"closed","ping_status":"closed","template":"","meta":[],"_links":{"self":[{"href":"http:\/\/www.albayrakyatirim.com\/index.php?rest_route=\/wp\/v2\/pages\/241"}],"collection":[{"href":"http:\/\/www.albayrakyatirim.com\/index.php?rest_route=\/wp\/v2\/pages"}],"about":[{"href":"http:\/\/www.albayrakyatirim.com\/index.php?rest_route=\/wp\/v2\/types\/page"}],"author":[{"embeddable":true,"href":"http:\/\/www.albayrakyatirim.com\/index.php?rest_route=\/wp\/v2\/users\/1"}],"replies":[{"embeddable":true,"href":"http:\/\/www.albayrakyatirim.com\/index.php?rest_route=%2Fwp%2Fv2%2Fcomments&post=241"}],"version-history":[{"count":10,"href":"http:\/\/www.albayrakyatirim.com\/index.php?rest_route=\/wp\/v2\/pages\/241\/revisions"}],"predecessor-version":[{"id":251,"href":"http:\/\/www.albayrakyatirim.com\/index.php?rest_route=\/wp\/v2\/pages\/241\/revisions\/251"}],"wp:attachment":[{"href":"http:\/\/www.albayrakyatirim.com\/index.php?rest_route=%2Fwp%2Fv2%2Fmedia&parent=241"}],"curies":[{"name":"wp","href":"https:\/\/api.w.org\/{rel}","templated":true}]}}